{"id":24841,"date":"2024-01-19T07:32:16","date_gmt":"2024-01-19T06:32:16","guid":{"rendered":"https:\/\/www.ipresas.com\/aviso-legal\/"},"modified":"2025-07-16T08:45:07","modified_gmt":"2025-07-16T06:45:07","slug":"aviso-legal-pt","status":"publish","type":"page","link":"https:\/\/www.ipresas.com\/pt\/aviso-legal-pt\/","title":{"rendered":"Aviso legal"},"content":{"rendered":"\t\t<div data-elementor-type=\"wp-page\" data-elementor-id=\"24841\" class=\"elementor elementor-24841 elementor-15448\" data-elementor-post-type=\"page\">\n\t\t\t\t\t\t<section class=\"elementor-section elementor-top-section elementor-element elementor-element-da1135e elementor-section-full_width elementor-section-height-default elementor-section-height-default\" data-id=\"da1135e\" data-element_type=\"section\" data-e-type=\"section\" data-settings=\"{&quot;background_background&quot;:&quot;classic&quot;}\">\n\t\t\t\t\t\t<div class=\"elementor-container elementor-column-gap-default\">\n\t\t\t\t\t<div class=\"elementor-column elementor-col-100 elementor-top-column elementor-element elementor-element-15a3efc\" data-id=\"15a3efc\" data-element_type=\"column\" data-e-type=\"column\">\n\t\t\t<div class=\"elementor-widget-wrap elementor-element-populated\">\n\t\t\t\t\t\t<div class=\"elementor-element elementor-element-cd7d000 elementor-widget elementor-widget-heading\" data-id=\"cd7d000\" data-element_type=\"widget\" data-e-type=\"widget\" data-widget_type=\"heading.default\">\n\t\t\t\t\t<h1 class=\"elementor-heading-title elementor-size-default\">Aviso legal<\/h1>\t\t\t\t<\/div>\n\t\t\t\t\t<\/div>\n\t\t<\/div>\n\t\t\t\t\t<\/div>\n\t\t<\/section>\n\t\t\t\t<section class=\"elementor-section elementor-top-section elementor-element elementor-element-a9eca90 elementor-section-full_width elementor-section-height-default elementor-section-height-default\" data-id=\"a9eca90\" data-element_type=\"section\" data-e-type=\"section\" id=\"gdpr\">\n\t\t\t\t\t\t<div class=\"elementor-container elementor-column-gap-default\">\n\t\t\t\t\t<div class=\"elementor-column elementor-col-100 elementor-top-column elementor-element elementor-element-16e0c5a\" data-id=\"16e0c5a\" data-element_type=\"column\" data-e-type=\"column\">\n\t\t\t<div class=\"elementor-widget-wrap elementor-element-populated\">\n\t\t\t\t\t\t<div class=\"elementor-element elementor-element-fb46c88 elementor-widget elementor-widget-text-editor\" data-id=\"fb46c88\" data-element_type=\"widget\" data-e-type=\"widget\" data-widget_type=\"text-editor.default\">\n\t\t\t\t\t\t\t\t\t<h5 class=\"vc_custom_heading\"><strong>CONTE\u00daDO E PROPRIEDADE INTELECTUAL<\/strong><\/h5><div class=\"wpb_text_column wpb_content_element \"><div class=\"wpb_wrapper\"><p>A <strong>Ingenier\u00eda de Presas S.L.<\/strong> n\u00e3o se responsabiliza pelo uso indevido dos conte\u00fados deste site, sendo de responsabilidade exclusiva da pessoa que acessa ou utiliza tais conte\u00fados. Tamb\u00e9m n\u00e3o assume qualquer responsabilidade pelas informa\u00e7\u00f5es contidas em sites de terceiros que possam ser acessados por meio de links ou mecanismos de busca a partir do site <strong>www.ipresas.com<\/strong> e\/ou de seus dom\u00ednios redirecionados.<\/p><p>Todos os direitos de propriedade intelectual sobre o conte\u00fado deste site, seu design gr\u00e1fico e seus c\u00f3digos-fonte pertencem exclusivamente \u00e0 <strong>Ingenier\u00eda de Presas S.L.<\/strong>, cabendo-lhe o exerc\u00edcio exclusivo dos direitos de explora\u00e7\u00e3o dos mesmos. Portanto, \u00e9 proibida a reprodu\u00e7\u00e3o, distribui\u00e7\u00e3o, comunica\u00e7\u00e3o p\u00fablica ou transforma\u00e7\u00e3o, total ou parcial, sem a autoriza\u00e7\u00e3o expressa da <strong>Ingenier\u00eda de Presas S.L.<\/strong><\/p><p>Da mesma forma, todos os nomes comerciais ou marcas de qualquer natureza contidos neste site est\u00e3o protegidos por lei.<\/p><\/div><\/div><h5 class=\"vc_custom_heading\"><strong>TRATAMENTO DE DADOS<\/strong><\/h5><div class=\"wpb_text_column wpb_content_element \"><div class=\"wpb_wrapper\"><p>Em cumprimento com a vigente <strong>Lei Org\u00e2nica de Prote\u00e7\u00e3o de Dados Pessoais<\/strong>, a <strong>Ingenier\u00eda de Presas S.L.<\/strong> informa aos seus usu\u00e1rios e clientes que todos os dados pessoais fornecidos ser\u00e3o inclu\u00eddos em um arquivo automatizado de dados pessoais, criado e mantido sob a responsabilidade da pr\u00f3pria empresa.<\/p><p>A finalidade deste arquivo \u00e9 facilitar o processamento de informa\u00e7\u00f5es e o envio futuro de ofertas comerciais sobre servi\u00e7os que possam ser de interesse para nossos clientes. A <strong>Ingenier\u00eda de Presas S.L.<\/strong> garante a seguran\u00e7a e confidencialidade dos dados fornecidos, comprometendo-se com a obriga\u00e7\u00e3o de sigilo e dever de guard\u00e1-los, adotando todas as medidas necess\u00e1rias para evitar sua altera\u00e7\u00e3o, perda, tratamento ou uso n\u00e3o autorizado.<\/p><p>Portanto, todas as informa\u00e7\u00f5es de nossos clientes n\u00e3o ser\u00e3o cedidas a terceiros.<\/p><\/div><\/div><h5 class=\"vc_custom_heading\"><strong>LEGISLA\u00c7\u00c3O E JURISDI\u00c7\u00c3O APLIC\u00c1VEIS<\/strong><\/h5><div class=\"wpb_text_column wpb_content_element \"><div class=\"wpb_wrapper\"><p>De modo geral, as rela\u00e7\u00f5es com nossos clientes decorrentes da presta\u00e7\u00e3o dos servi\u00e7os contidos no site <strong>www.ipresas.com<\/strong> est\u00e3o sujeitas \u00e0 legisla\u00e7\u00e3o e jurisdi\u00e7\u00e3o espanhola.<\/p><p>Qualquer lit\u00edgio que possa surgir ser\u00e1 resolvido nos tribunais competentes. Os usu\u00e1rios deste site est\u00e3o cientes e aceitam voluntariamente todas as disposi\u00e7\u00f5es aqui descritas.<\/p><p>Caso deseje fazer algum coment\u00e1rio ou sugest\u00e3o, poder\u00e1 utilizar nosso e-mail de contato.<\/p><\/div><\/div>\t\t\t\t\t\t\t\t<\/div>\n\t\t\t\t\t<\/div>\n\t\t<\/div>\n\t\t\t\t\t<\/div>\n\t\t<\/section>\n\t\t\t\t<\/div>\n\t\t","protected":false},"excerpt":{"rendered":"<p>CONTE\u00daDO E PROPRIEDADE INTELECTUAL A Ingenier\u00eda de Presas S.L. n\u00e3o se responsabiliza pelo uso indevido dos conte\u00fados deste site, sendo de responsabilidade exclusiva da pessoa que acessa ou utiliza tais conte\u00fados. Tamb\u00e9m n\u00e3o assume qualquer responsabilidade pelas informa\u00e7\u00f5es contidas em sites de terceiros que possam ser acessados por meio de links ou mecanismos de busca [&hellip;]<\/p>\n","protected":false},"author":3,"featured_media":0,"parent":0,"menu_order":0,"comment_status":"closed","ping_status":"closed","template":"elementor_header_footer","meta":{"footnotes":""},"class_list":["post-24841","page","type-page","status-publish","hentry"],"yoast_head":"<!-- This site is optimized with the Yoast SEO plugin v27.4 - https:\/\/yoast.com\/product\/yoast-seo-wordpress\/ -->\n<title>Aviso legal - iPresas<\/title>\n<meta name=\"robots\" content=\"noindex, follow\" \/>\n<meta property=\"og:locale\" content=\"pt_PT\" \/>\n<meta property=\"og:type\" content=\"article\" \/>\n<meta property=\"og:title\" content=\"Aviso legal - iPresas\" \/>\n<meta property=\"og:description\" content=\"CONTE\u00daDO E PROPRIEDADE INTELECTUAL A Ingenier\u00eda de Presas S.L. n\u00e3o se responsabiliza pelo uso indevido dos conte\u00fados deste site, sendo de responsabilidade exclusiva da pessoa que acessa ou utiliza tais conte\u00fados. Tamb\u00e9m n\u00e3o assume qualquer responsabilidade pelas informa\u00e7\u00f5es contidas em sites de terceiros que possam ser acessados por meio de links ou mecanismos de busca [&hellip;]\" \/>\n<meta property=\"og:url\" content=\"https:\/\/www.ipresas.com\/pt\/aviso-legal-pt\/\" \/>\n<meta property=\"og:site_name\" content=\"iPresas\" \/>\n<meta property=\"article:modified_time\" content=\"2025-07-16T06:45:07+00:00\" \/>\n<meta name=\"twitter:card\" content=\"summary_large_image\" \/>\n<meta name=\"twitter:label1\" content=\"Est. reading time\" \/>\n\t<meta name=\"twitter:data1\" content=\"2 minutes\" \/>\n<script type=\"application\/ld+json\" class=\"yoast-schema-graph\">{\"@context\":\"https:\\\/\\\/schema.org\",\"@graph\":[{\"@type\":\"WebPage\",\"@id\":\"https:\\\/\\\/www.ipresas.com\\\/pt\\\/aviso-legal-pt\\\/\",\"url\":\"https:\\\/\\\/www.ipresas.com\\\/pt\\\/aviso-legal-pt\\\/\",\"name\":\"Aviso legal - iPresas\",\"isPartOf\":{\"@id\":\"https:\\\/\\\/www.ipresas.com\\\/#website\"},\"datePublished\":\"2024-01-19T06:32:16+00:00\",\"dateModified\":\"2025-07-16T06:45:07+00:00\",\"breadcrumb\":{\"@id\":\"https:\\\/\\\/www.ipresas.com\\\/pt\\\/aviso-legal-pt\\\/#breadcrumb\"},\"inLanguage\":\"pt-GL\",\"potentialAction\":[{\"@type\":\"ReadAction\",\"target\":[\"https:\\\/\\\/www.ipresas.com\\\/pt\\\/aviso-legal-pt\\\/\"]}]},{\"@type\":\"BreadcrumbList\",\"@id\":\"https:\\\/\\\/www.ipresas.com\\\/pt\\\/aviso-legal-pt\\\/#breadcrumb\",\"itemListElement\":[{\"@type\":\"ListItem\",\"position\":1,\"name\":\"Portada\",\"item\":\"https:\\\/\\\/www.ipresas.com\\\/pt\\\/\"},{\"@type\":\"ListItem\",\"position\":2,\"name\":\"Aviso legal\"}]},{\"@type\":\"WebSite\",\"@id\":\"https:\\\/\\\/www.ipresas.com\\\/#website\",\"url\":\"https:\\\/\\\/www.ipresas.com\\\/\",\"name\":\"iPresas\",\"description\":\"An\u00e1lisis de Riesgos en seguridad de presas\",\"publisher\":{\"@id\":\"https:\\\/\\\/www.ipresas.com\\\/#organization\"},\"potentialAction\":[{\"@type\":\"SearchAction\",\"target\":{\"@type\":\"EntryPoint\",\"urlTemplate\":\"https:\\\/\\\/www.ipresas.com\\\/?s={search_term_string}\"},\"query-input\":{\"@type\":\"PropertyValueSpecification\",\"valueRequired\":true,\"valueName\":\"search_term_string\"}}],\"inLanguage\":\"pt-GL\"},{\"@type\":\"Organization\",\"@id\":\"https:\\\/\\\/www.ipresas.com\\\/#organization\",\"name\":\"iPresas\",\"url\":\"https:\\\/\\\/www.ipresas.com\\\/\",\"logo\":{\"@type\":\"ImageObject\",\"inLanguage\":\"pt-GL\",\"@id\":\"https:\\\/\\\/www.ipresas.com\\\/#\\\/schema\\\/logo\\\/image\\\/\",\"url\":\"https:\\\/\\\/www.ipresas.com\\\/wp-content\\\/uploads\\\/2023\\\/04\\\/cropped-logo.png\",\"contentUrl\":\"https:\\\/\\\/www.ipresas.com\\\/wp-content\\\/uploads\\\/2023\\\/04\\\/cropped-logo.png\",\"width\":263,\"height\":129,\"caption\":\"iPresas\"},\"image\":{\"@id\":\"https:\\\/\\\/www.ipresas.com\\\/#\\\/schema\\\/logo\\\/image\\\/\"}}]}<\/script>\n<!-- \/ Yoast SEO plugin. -->","yoast_head_json":{"title":"Aviso legal - iPresas","robots":{"index":"noindex","follow":"follow"},"og_locale":"pt_PT","og_type":"article","og_title":"Aviso legal - iPresas","og_description":"CONTE\u00daDO E PROPRIEDADE INTELECTUAL A Ingenier\u00eda de Presas S.L. n\u00e3o se responsabiliza pelo uso indevido dos conte\u00fados deste site, sendo de responsabilidade exclusiva da pessoa que acessa ou utiliza tais conte\u00fados. Tamb\u00e9m n\u00e3o assume qualquer responsabilidade pelas informa\u00e7\u00f5es contidas em sites de terceiros que possam ser acessados por meio de links ou mecanismos de busca [&hellip;]","og_url":"https:\/\/www.ipresas.com\/pt\/aviso-legal-pt\/","og_site_name":"iPresas","article_modified_time":"2025-07-16T06:45:07+00:00","twitter_card":"summary_large_image","twitter_misc":{"Est. reading time":"2 minutes"},"schema":{"@context":"https:\/\/schema.org","@graph":[{"@type":"WebPage","@id":"https:\/\/www.ipresas.com\/pt\/aviso-legal-pt\/","url":"https:\/\/www.ipresas.com\/pt\/aviso-legal-pt\/","name":"Aviso legal - iPresas","isPartOf":{"@id":"https:\/\/www.ipresas.com\/#website"},"datePublished":"2024-01-19T06:32:16+00:00","dateModified":"2025-07-16T06:45:07+00:00","breadcrumb":{"@id":"https:\/\/www.ipresas.com\/pt\/aviso-legal-pt\/#breadcrumb"},"inLanguage":"pt-GL","potentialAction":[{"@type":"ReadAction","target":["https:\/\/www.ipresas.com\/pt\/aviso-legal-pt\/"]}]},{"@type":"BreadcrumbList","@id":"https:\/\/www.ipresas.com\/pt\/aviso-legal-pt\/#breadcrumb","itemListElement":[{"@type":"ListItem","position":1,"name":"Portada","item":"https:\/\/www.ipresas.com\/pt\/"},{"@type":"ListItem","position":2,"name":"Aviso legal"}]},{"@type":"WebSite","@id":"https:\/\/www.ipresas.com\/#website","url":"https:\/\/www.ipresas.com\/","name":"iPresas","description":"An\u00e1lisis de Riesgos en seguridad de presas","publisher":{"@id":"https:\/\/www.ipresas.com\/#organization"},"potentialAction":[{"@type":"SearchAction","target":{"@type":"EntryPoint","urlTemplate":"https:\/\/www.ipresas.com\/?s={search_term_string}"},"query-input":{"@type":"PropertyValueSpecification","valueRequired":true,"valueName":"search_term_string"}}],"inLanguage":"pt-GL"},{"@type":"Organization","@id":"https:\/\/www.ipresas.com\/#organization","name":"iPresas","url":"https:\/\/www.ipresas.com\/","logo":{"@type":"ImageObject","inLanguage":"pt-GL","@id":"https:\/\/www.ipresas.com\/#\/schema\/logo\/image\/","url":"https:\/\/www.ipresas.com\/wp-content\/uploads\/2023\/04\/cropped-logo.png","contentUrl":"https:\/\/www.ipresas.com\/wp-content\/uploads\/2023\/04\/cropped-logo.png","width":263,"height":129,"caption":"iPresas"},"image":{"@id":"https:\/\/www.ipresas.com\/#\/schema\/logo\/image\/"}}]}},"_links":{"self":[{"href":"https:\/\/www.ipresas.com\/pt\/wp-json\/wp\/v2\/pages\/24841","targetHints":{"allow":["GET"]}}],"collection":[{"href":"https:\/\/www.ipresas.com\/pt\/wp-json\/wp\/v2\/pages"}],"about":[{"href":"https:\/\/www.ipresas.com\/pt\/wp-json\/wp\/v2\/types\/page"}],"author":[{"embeddable":true,"href":"https:\/\/www.ipresas.com\/pt\/wp-json\/wp\/v2\/users\/3"}],"replies":[{"embeddable":true,"href":"https:\/\/www.ipresas.com\/pt\/wp-json\/wp\/v2\/comments?post=24841"}],"version-history":[{"count":7,"href":"https:\/\/www.ipresas.com\/pt\/wp-json\/wp\/v2\/pages\/24841\/revisions"}],"predecessor-version":[{"id":24849,"href":"https:\/\/www.ipresas.com\/pt\/wp-json\/wp\/v2\/pages\/24841\/revisions\/24849"}],"wp:attachment":[{"href":"https:\/\/www.ipresas.com\/pt\/wp-json\/wp\/v2\/media?parent=24841"}],"curies":[{"name":"wp","href":"https:\/\/api.w.org\/{rel}","templated":true}]}}