{"id":24818,"date":"2024-01-19T07:32:25","date_gmt":"2024-01-19T06:32:25","guid":{"rendered":"https:\/\/www.ipresas.com\/politica-de-cookies\/"},"modified":"2025-07-16T08:45:30","modified_gmt":"2025-07-16T06:45:30","slug":"politica-de-cookies-pt","status":"publish","type":"page","link":"https:\/\/www.ipresas.com\/pt\/politica-de-cookies-pt\/","title":{"rendered":"Pol\u00edtica de cookies"},"content":{"rendered":"\t\t<div data-elementor-type=\"wp-page\" data-elementor-id=\"24818\" class=\"elementor elementor-24818 elementor-15450\" data-elementor-post-type=\"page\">\n\t\t\t\t\t\t<section class=\"elementor-section elementor-top-section elementor-element elementor-element-2064768 elementor-section-full_width elementor-section-height-default elementor-section-height-default\" data-id=\"2064768\" data-element_type=\"section\" data-e-type=\"section\" data-settings=\"{&quot;background_background&quot;:&quot;classic&quot;}\">\n\t\t\t\t\t\t<div class=\"elementor-container elementor-column-gap-default\">\n\t\t\t\t\t<div class=\"elementor-column elementor-col-100 elementor-top-column elementor-element elementor-element-11f573c\" data-id=\"11f573c\" data-element_type=\"column\" data-e-type=\"column\">\n\t\t\t<div class=\"elementor-widget-wrap elementor-element-populated\">\n\t\t\t\t\t\t<div class=\"elementor-element elementor-element-e6c79fa elementor-widget elementor-widget-heading\" data-id=\"e6c79fa\" data-element_type=\"widget\" data-e-type=\"widget\" data-widget_type=\"heading.default\">\n\t\t\t\t\t<h1 class=\"elementor-heading-title elementor-size-default\">Pol\u00edtica de cookies<\/h1>\t\t\t\t<\/div>\n\t\t\t\t\t<\/div>\n\t\t<\/div>\n\t\t\t\t\t<\/div>\n\t\t<\/section>\n\t\t\t\t<section class=\"elementor-section elementor-top-section elementor-element elementor-element-8bbd060 elementor-section-full_width elementor-section-height-default elementor-section-height-default\" data-id=\"8bbd060\" data-element_type=\"section\" data-e-type=\"section\" id=\"gdpr\">\n\t\t\t\t\t\t<div class=\"elementor-container elementor-column-gap-default\">\n\t\t\t\t\t<div class=\"elementor-column elementor-col-100 elementor-top-column elementor-element elementor-element-5159091\" data-id=\"5159091\" data-element_type=\"column\" data-e-type=\"column\">\n\t\t\t<div class=\"elementor-widget-wrap elementor-element-populated\">\n\t\t\t\t\t\t<div class=\"elementor-element elementor-element-afda9ce elementor-widget elementor-widget-text-editor\" data-id=\"afda9ce\" data-element_type=\"widget\" data-e-type=\"widget\" data-widget_type=\"text-editor.default\">\n\t\t\t\t\t\t\t\t\t<p><strong>INGENIERIA DE PRESAS SL.<\/strong> utiliza cookies pr\u00f3prias e de terceiros. Um cookie \u00e9 um arquivo que \u00e9 baixado no seu computador ao acessar determinadas p\u00e1ginas da web. Entre outros prop\u00f3sitos, os cookies garantem o correto funcionamento do site, permitem ao Usu\u00e1rio um acesso mais r\u00e1pido aos servi\u00e7os selecionados, armazenam e recuperam informa\u00e7\u00f5es sobre os h\u00e1bitos de navega\u00e7\u00e3o do usu\u00e1rio ou do seu dispositivo e, dependendo das informa\u00e7\u00f5es contidas e da forma como utiliza o equipamento, podem ser utilizados para reconhecer o usu\u00e1rio. Os cookies est\u00e3o associados exclusivamente a um usu\u00e1rio an\u00f4nimo e ao seu computador ou dispositivo, e n\u00e3o fornecem refer\u00eancias que permitam conhecer seus dados pessoais, salvo autoriza\u00e7\u00e3o expressa do mesmo.<\/p>\n<p>O usu\u00e1rio pode, a qualquer momento, aceitar ou recusar os cookies instalados que n\u00e3o sejam estritamente necess\u00e1rios para o correto funcionamento do site e o acesso aos servi\u00e7os, atrav\u00e9s do painel de configura\u00e7\u00e3o de cookies fornecido em nosso site. Da mesma forma, \u00e9 poss\u00edvel configurar o navegador sem prejudicar a possibilidade de acesso aos conte\u00fados. No entanto, informamos que a rejei\u00e7\u00e3o dos cookies pode afetar o bom funcionamento do site.<\/p>\n<p><strong>Cookies reguladas e cookies isentas<\/strong><\/p>\n<p>De acordo com a diretiva da UE, requerem consentimento informado as cookies de an\u00e1lise, de publicidade e de afiliados. Est\u00e3o isentas as cookies t\u00e9cnicas e as estritamente necess\u00e1rias para o funcionamento do site ou para a presta\u00e7\u00e3o de servi\u00e7os solicitados explicitamente pelo usu\u00e1rio.<\/p>\n<p><strong>Tipos de cookies:<\/strong><\/p><p><span style=\"background-color: transparent;\">a) De acordo com a <\/span><strong style=\"background-color: transparent;\">entidade que as gere<\/strong><span style=\"background-color: transparent;\">, existem cookies <\/span><strong style=\"background-color: transparent;\">pr\u00f3prias<\/strong><span style=\"background-color: transparent;\"> (enviadas ao dispositivo do usu\u00e1rio a partir de um dom\u00ednio gerido pelo pr\u00f3prio editor) e cookies de <\/span><strong style=\"background-color: transparent;\">terceiros<\/strong><span style=\"background-color: transparent;\"> (enviadas a partir de um dom\u00ednio que n\u00e3o \u00e9 gerido pelo editor, mas por outra entidade que trata os dados obtidos por meio das cookies).<\/span><\/p><p><span style=\"background-color: transparent;\">b) De acordo com o <\/span><strong style=\"background-color: transparent;\">tempo de dura\u00e7\u00e3o<\/strong><span style=\"background-color: transparent;\">, existem cookies de <\/span><strong style=\"background-color: transparent;\">sessi\u00e3o<\/strong><span style=\"background-color: transparent;\"> (projetadas para coletar e armazenar dados enquanto o usu\u00e1rio acessa o site) e cookies <\/span><strong style=\"background-color: transparent;\">persistentes<\/strong><span style=\"background-color: transparent;\"> (em que os dados permanecem armazenados por um per\u00edodo definido pelo respons\u00e1vel pela cookie &#8211; de alguns minutos a v\u00e1rios anos).<\/span><\/p><p><span style=\"background-color: transparent;\">c) De acordo com a finalidade do tratamento das informa\u00e7\u00f5es coletadas, podem ser:<\/span><\/p>\n<ul>\n<li><strong>Cookies t\u00e9cnicas<\/strong> (necess\u00e1rias para o uso do site e presta\u00e7\u00e3o dos servi\u00e7os contratados).<\/li>\n<li><strong>Cookies de personaliza\u00e7\u00e3o<\/strong> (permitem ao usu\u00e1rio acessar o servi\u00e7o com caracter\u00edsticas predefinidas como idioma, tipo de navegador, configura\u00e7\u00e3o regional, etc.).<\/li>\n<li><strong>Cookies de an\u00e1lise<\/strong> (coletam informa\u00e7\u00f5es sobre o uso do site).<\/li>\n<li><strong>Cookies publicit\u00e1rias<\/strong> (coletam informa\u00e7\u00f5es sobre prefer\u00eancias e escolhas dos usu\u00e1rios).<\/li>\n<li><strong>Cookies de afiliados<\/strong> (monitoram visitas originadas de sites afiliados com os quais o site tem contrato).<\/li>\n<\/ul>\n<p>Seu consentimento se aplica aos seguintes dom\u00ednios: pymelegal.es<br>Status atual: Utilizar apenas cookies necess\u00e1rias.<\/p>\t\t\t\t\t\t\t\t<\/div>\n\t\t\t\t\t<\/div>\n\t\t<\/div>\n\t\t\t\t\t<\/div>\n\t\t<\/section>\n\t\t\t\t<\/div>\n\t\t","protected":false},"excerpt":{"rendered":"<p>INGENIERIA DE PRESAS SL. utiliza cookies pr\u00f3prias e de terceiros. Um cookie \u00e9 um arquivo que \u00e9 baixado no seu computador ao acessar determinadas p\u00e1ginas da web. Entre outros prop\u00f3sitos, os cookies garantem o correto funcionamento do site, permitem ao Usu\u00e1rio um acesso mais r\u00e1pido aos servi\u00e7os selecionados, armazenam e recuperam informa\u00e7\u00f5es sobre os h\u00e1bitos [&hellip;]<\/p>\n","protected":false},"author":3,"featured_media":0,"parent":0,"menu_order":0,"comment_status":"closed","ping_status":"closed","template":"elementor_header_footer","meta":{"footnotes":""},"class_list":["post-24818","page","type-page","status-publish","hentry"],"yoast_head":"<!-- This site is optimized with the Yoast SEO plugin v27.4 - https:\/\/yoast.com\/product\/yoast-seo-wordpress\/ -->\n<title>Pol\u00edtica de cookies - iPresas<\/title>\n<meta name=\"robots\" content=\"noindex, follow\" \/>\n<meta property=\"og:locale\" content=\"pt_PT\" \/>\n<meta property=\"og:type\" content=\"article\" \/>\n<meta property=\"og:title\" content=\"Pol\u00edtica de cookies - iPresas\" \/>\n<meta property=\"og:description\" content=\"INGENIERIA DE PRESAS SL. utiliza cookies pr\u00f3prias e de terceiros. Um cookie \u00e9 um arquivo que \u00e9 baixado no seu computador ao acessar determinadas p\u00e1ginas da web. Entre outros prop\u00f3sitos, os cookies garantem o correto funcionamento do site, permitem ao Usu\u00e1rio um acesso mais r\u00e1pido aos servi\u00e7os selecionados, armazenam e recuperam informa\u00e7\u00f5es sobre os h\u00e1bitos [&hellip;]\" \/>\n<meta property=\"og:url\" content=\"https:\/\/www.ipresas.com\/pt\/politica-de-cookies-pt\/\" \/>\n<meta property=\"og:site_name\" content=\"iPresas\" \/>\n<meta property=\"article:modified_time\" content=\"2025-07-16T06:45:30+00:00\" \/>\n<meta name=\"twitter:card\" content=\"summary_large_image\" \/>\n<meta name=\"twitter:label1\" content=\"Est. reading time\" \/>\n\t<meta name=\"twitter:data1\" content=\"2 minutes\" \/>\n<script type=\"application\/ld+json\" class=\"yoast-schema-graph\">{\"@context\":\"https:\\\/\\\/schema.org\",\"@graph\":[{\"@type\":\"WebPage\",\"@id\":\"https:\\\/\\\/www.ipresas.com\\\/pt\\\/politica-de-cookies-pt\\\/\",\"url\":\"https:\\\/\\\/www.ipresas.com\\\/pt\\\/politica-de-cookies-pt\\\/\",\"name\":\"Pol\u00edtica de cookies - iPresas\",\"isPartOf\":{\"@id\":\"https:\\\/\\\/www.ipresas.com\\\/#website\"},\"datePublished\":\"2024-01-19T06:32:25+00:00\",\"dateModified\":\"2025-07-16T06:45:30+00:00\",\"breadcrumb\":{\"@id\":\"https:\\\/\\\/www.ipresas.com\\\/pt\\\/politica-de-cookies-pt\\\/#breadcrumb\"},\"inLanguage\":\"pt-GL\",\"potentialAction\":[{\"@type\":\"ReadAction\",\"target\":[\"https:\\\/\\\/www.ipresas.com\\\/pt\\\/politica-de-cookies-pt\\\/\"]}]},{\"@type\":\"BreadcrumbList\",\"@id\":\"https:\\\/\\\/www.ipresas.com\\\/pt\\\/politica-de-cookies-pt\\\/#breadcrumb\",\"itemListElement\":[{\"@type\":\"ListItem\",\"position\":1,\"name\":\"Portada\",\"item\":\"https:\\\/\\\/www.ipresas.com\\\/pt\\\/\"},{\"@type\":\"ListItem\",\"position\":2,\"name\":\"Pol\u00edtica de cookies\"}]},{\"@type\":\"WebSite\",\"@id\":\"https:\\\/\\\/www.ipresas.com\\\/#website\",\"url\":\"https:\\\/\\\/www.ipresas.com\\\/\",\"name\":\"iPresas\",\"description\":\"An\u00e1lisis de Riesgos en seguridad de presas\",\"publisher\":{\"@id\":\"https:\\\/\\\/www.ipresas.com\\\/#organization\"},\"potentialAction\":[{\"@type\":\"SearchAction\",\"target\":{\"@type\":\"EntryPoint\",\"urlTemplate\":\"https:\\\/\\\/www.ipresas.com\\\/?s={search_term_string}\"},\"query-input\":{\"@type\":\"PropertyValueSpecification\",\"valueRequired\":true,\"valueName\":\"search_term_string\"}}],\"inLanguage\":\"pt-GL\"},{\"@type\":\"Organization\",\"@id\":\"https:\\\/\\\/www.ipresas.com\\\/#organization\",\"name\":\"iPresas\",\"url\":\"https:\\\/\\\/www.ipresas.com\\\/\",\"logo\":{\"@type\":\"ImageObject\",\"inLanguage\":\"pt-GL\",\"@id\":\"https:\\\/\\\/www.ipresas.com\\\/#\\\/schema\\\/logo\\\/image\\\/\",\"url\":\"https:\\\/\\\/www.ipresas.com\\\/wp-content\\\/uploads\\\/2023\\\/04\\\/cropped-logo.png\",\"contentUrl\":\"https:\\\/\\\/www.ipresas.com\\\/wp-content\\\/uploads\\\/2023\\\/04\\\/cropped-logo.png\",\"width\":263,\"height\":129,\"caption\":\"iPresas\"},\"image\":{\"@id\":\"https:\\\/\\\/www.ipresas.com\\\/#\\\/schema\\\/logo\\\/image\\\/\"}}]}<\/script>\n<!-- \/ Yoast SEO plugin. -->","yoast_head_json":{"title":"Pol\u00edtica de cookies - iPresas","robots":{"index":"noindex","follow":"follow"},"og_locale":"pt_PT","og_type":"article","og_title":"Pol\u00edtica de cookies - iPresas","og_description":"INGENIERIA DE PRESAS SL. utiliza cookies pr\u00f3prias e de terceiros. Um cookie \u00e9 um arquivo que \u00e9 baixado no seu computador ao acessar determinadas p\u00e1ginas da web. Entre outros prop\u00f3sitos, os cookies garantem o correto funcionamento do site, permitem ao Usu\u00e1rio um acesso mais r\u00e1pido aos servi\u00e7os selecionados, armazenam e recuperam informa\u00e7\u00f5es sobre os h\u00e1bitos [&hellip;]","og_url":"https:\/\/www.ipresas.com\/pt\/politica-de-cookies-pt\/","og_site_name":"iPresas","article_modified_time":"2025-07-16T06:45:30+00:00","twitter_card":"summary_large_image","twitter_misc":{"Est. reading time":"2 minutes"},"schema":{"@context":"https:\/\/schema.org","@graph":[{"@type":"WebPage","@id":"https:\/\/www.ipresas.com\/pt\/politica-de-cookies-pt\/","url":"https:\/\/www.ipresas.com\/pt\/politica-de-cookies-pt\/","name":"Pol\u00edtica de cookies - iPresas","isPartOf":{"@id":"https:\/\/www.ipresas.com\/#website"},"datePublished":"2024-01-19T06:32:25+00:00","dateModified":"2025-07-16T06:45:30+00:00","breadcrumb":{"@id":"https:\/\/www.ipresas.com\/pt\/politica-de-cookies-pt\/#breadcrumb"},"inLanguage":"pt-GL","potentialAction":[{"@type":"ReadAction","target":["https:\/\/www.ipresas.com\/pt\/politica-de-cookies-pt\/"]}]},{"@type":"BreadcrumbList","@id":"https:\/\/www.ipresas.com\/pt\/politica-de-cookies-pt\/#breadcrumb","itemListElement":[{"@type":"ListItem","position":1,"name":"Portada","item":"https:\/\/www.ipresas.com\/pt\/"},{"@type":"ListItem","position":2,"name":"Pol\u00edtica de cookies"}]},{"@type":"WebSite","@id":"https:\/\/www.ipresas.com\/#website","url":"https:\/\/www.ipresas.com\/","name":"iPresas","description":"An\u00e1lisis de Riesgos en seguridad de presas","publisher":{"@id":"https:\/\/www.ipresas.com\/#organization"},"potentialAction":[{"@type":"SearchAction","target":{"@type":"EntryPoint","urlTemplate":"https:\/\/www.ipresas.com\/?s={search_term_string}"},"query-input":{"@type":"PropertyValueSpecification","valueRequired":true,"valueName":"search_term_string"}}],"inLanguage":"pt-GL"},{"@type":"Organization","@id":"https:\/\/www.ipresas.com\/#organization","name":"iPresas","url":"https:\/\/www.ipresas.com\/","logo":{"@type":"ImageObject","inLanguage":"pt-GL","@id":"https:\/\/www.ipresas.com\/#\/schema\/logo\/image\/","url":"https:\/\/www.ipresas.com\/wp-content\/uploads\/2023\/04\/cropped-logo.png","contentUrl":"https:\/\/www.ipresas.com\/wp-content\/uploads\/2023\/04\/cropped-logo.png","width":263,"height":129,"caption":"iPresas"},"image":{"@id":"https:\/\/www.ipresas.com\/#\/schema\/logo\/image\/"}}]}},"_links":{"self":[{"href":"https:\/\/www.ipresas.com\/pt\/wp-json\/wp\/v2\/pages\/24818","targetHints":{"allow":["GET"]}}],"collection":[{"href":"https:\/\/www.ipresas.com\/pt\/wp-json\/wp\/v2\/pages"}],"about":[{"href":"https:\/\/www.ipresas.com\/pt\/wp-json\/wp\/v2\/types\/page"}],"author":[{"embeddable":true,"href":"https:\/\/www.ipresas.com\/pt\/wp-json\/wp\/v2\/users\/3"}],"replies":[{"embeddable":true,"href":"https:\/\/www.ipresas.com\/pt\/wp-json\/wp\/v2\/comments?post=24818"}],"version-history":[{"count":7,"href":"https:\/\/www.ipresas.com\/pt\/wp-json\/wp\/v2\/pages\/24818\/revisions"}],"predecessor-version":[{"id":24826,"href":"https:\/\/www.ipresas.com\/pt\/wp-json\/wp\/v2\/pages\/24818\/revisions\/24826"}],"wp:attachment":[{"href":"https:\/\/www.ipresas.com\/pt\/wp-json\/wp\/v2\/media?parent=24818"}],"curies":[{"name":"wp","href":"https:\/\/api.w.org\/{rel}","templated":true}]}}