{"id":24813,"date":"2024-01-19T07:32:32","date_gmt":"2024-01-19T06:32:32","guid":{"rendered":"https:\/\/www.ipresas.com\/politica-de-calidad-y-ma\/"},"modified":"2025-07-16T08:45:50","modified_gmt":"2025-07-16T06:45:50","slug":"politica-de-qualidade-e-meio-ambiente","status":"publish","type":"page","link":"https:\/\/www.ipresas.com\/pt\/politica-de-qualidade-e-meio-ambiente\/","title":{"rendered":"Pol\u00edtica de Qualidade e Meio Ambiente"},"content":{"rendered":"\t\t<div data-elementor-type=\"wp-page\" data-elementor-id=\"24813\" class=\"elementor elementor-24813 elementor-15452\" data-elementor-post-type=\"page\">\n\t\t\t\t\t\t<section class=\"elementor-section elementor-top-section elementor-element elementor-element-b810be9 elementor-section-full_width elementor-section-height-default elementor-section-height-default\" data-id=\"b810be9\" data-element_type=\"section\" data-e-type=\"section\" data-settings=\"{&quot;background_background&quot;:&quot;classic&quot;}\">\n\t\t\t\t\t\t<div class=\"elementor-container elementor-column-gap-default\">\n\t\t\t\t\t<div class=\"elementor-column elementor-col-100 elementor-top-column elementor-element elementor-element-706d38d\" data-id=\"706d38d\" data-element_type=\"column\" data-e-type=\"column\">\n\t\t\t<div class=\"elementor-widget-wrap elementor-element-populated\">\n\t\t\t\t\t\t<div class=\"elementor-element elementor-element-ee8ee24 elementor-widget elementor-widget-heading\" data-id=\"ee8ee24\" data-element_type=\"widget\" data-e-type=\"widget\" data-widget_type=\"heading.default\">\n\t\t\t\t\t<h1 class=\"elementor-heading-title elementor-size-default\">Pol\u00edtica de Qualidade e Meio Ambiente<\/h1>\t\t\t\t<\/div>\n\t\t\t\t\t<\/div>\n\t\t<\/div>\n\t\t\t\t\t<\/div>\n\t\t<\/section>\n\t\t\t\t<section class=\"elementor-section elementor-top-section elementor-element elementor-element-54f13ec elementor-section-full_width elementor-section-height-default elementor-section-height-default\" data-id=\"54f13ec\" data-element_type=\"section\" data-e-type=\"section\" id=\"gdpr\">\n\t\t\t\t\t\t<div class=\"elementor-container elementor-column-gap-default\">\n\t\t\t\t\t<div class=\"elementor-column elementor-col-100 elementor-top-column elementor-element elementor-element-f8185f2\" data-id=\"f8185f2\" data-element_type=\"column\" data-e-type=\"column\">\n\t\t\t<div class=\"elementor-widget-wrap elementor-element-populated\">\n\t\t\t\t\t\t<div class=\"elementor-element elementor-element-e89b711 elementor-widget elementor-widget-text-editor\" data-id=\"e89b711\" data-element_type=\"widget\" data-e-type=\"widget\" data-widget_type=\"text-editor.default\">\n\t\t\t\t\t\t\t\t\tA Dire\u00e7\u00e3o considera a presente Pol\u00edtica de Qualidade e Meio Ambiente apropriada ao prop\u00f3sito e ao contexto da organiza\u00e7\u00e3o, incluindo a natureza, magnitude e impactos ambientais de suas atividades, o que proporciona um referencial para o estabelecimento e a revis\u00e3o dos objetivos de qualidade e meio ambiente, facilitando um maior controle dos processos inclu\u00eddos dentro do escopo do Sistema conforme estabelecido nas normas de refer\u00eancia UNE-EN ISO 9001:2015 e UNE-EN ISO 14001:2015.\n\nAssim, a pol\u00edtica de qualidade e meio ambiente se baseia nos seguintes pilares:\n\n<ul> <li>Satisfazer plenamente as necessidades e expectativas de nossos clientes, eliminando os custos da n\u00e3o qualidade e cumprindo com seus requisitos para aumentar sua satisfa\u00e7\u00e3o.<\/li> <li>Criar um ambiente favor\u00e1vel \u00e0 preven\u00e7\u00e3o da polui\u00e7\u00e3o e \u00e0 prote\u00e7\u00e3o do meio ambiente dentro da empresa, formando, motivando e conscientizando o pessoal em rela\u00e7\u00e3o \u00e0 qualidade, ao meio ambiente e ao trabalho em equipe, de forma a permitir o alcance dos objetivos de qualidade e meio ambiente definidos.<\/li> <li>Buscar a melhoria cont\u00ednua e o aprimoramento do nosso desempenho ambiental, conquistando, assegurando e mantendo a confian\u00e7a dos clientes por meio do cumprimento na presta\u00e7\u00e3o dos nossos servi\u00e7os.<\/li> <li>Cumprir os requisitos legais e outros compromissos definidos na presta\u00e7\u00e3o do servi\u00e7o oferecido pela organiza\u00e7\u00e3o, considerando seu contexto, buscando melhorias na gest\u00e3o de res\u00edduos, consumos e emiss\u00f5es derivadas da nossa atividade de distribui\u00e7\u00e3o de equipamentos de impress\u00e3o.<\/li> <li>Utilizar os recursos de maneira sustent\u00e1vel, a fim de mitigar os efeitos das mudan\u00e7as clim\u00e1ticas e proteger a biodiversidade e os ecossistemas.<\/li> <\/ul>\nEsta pol\u00edtica \u00e9 comunicada e compreendida por todos os colaboradores, e \u00e9 divulgada por meio do site da organiza\u00e7\u00e3o junto com os diferentes certificados, para todas as partes interessadas que desejem conhecer a pol\u00edtica e o escopo do sistema. A Dire\u00e7\u00e3o se compromete a revisar esta pol\u00edtica para garantir sua cont\u00ednua adequa\u00e7\u00e3o.\n\n<em>Doc.: Pol\u00edtica de Qualidade e MA. C\u00f3d.: PCYMA00<\/em>\n<em>Rev.: 00<\/em>\n<em>Data de atualiza\u00e7\u00e3o: 20\/08\/2021<\/em>\t\t\t\t\t\t\t\t<\/div>\n\t\t\t\t\t<\/div>\n\t\t<\/div>\n\t\t\t\t\t<\/div>\n\t\t<\/section>\n\t\t\t\t<\/div>\n\t\t","protected":false},"excerpt":{"rendered":"<p>A Dire\u00e7\u00e3o considera a presente Pol\u00edtica de Qualidade e Meio Ambiente apropriada ao prop\u00f3sito e ao contexto da organiza\u00e7\u00e3o, incluindo a natureza, magnitude e impactos ambientais de suas atividades, o que proporciona um referencial para o estabelecimento e a revis\u00e3o dos objetivos de qualidade e meio ambiente, facilitando um maior controle dos processos inclu\u00eddos dentro [&hellip;]<\/p>\n","protected":false},"author":3,"featured_media":0,"parent":0,"menu_order":0,"comment_status":"closed","ping_status":"closed","template":"elementor_header_footer","meta":{"footnotes":""},"class_list":["post-24813","page","type-page","status-publish","hentry"],"yoast_head":"<!-- This site is optimized with the Yoast SEO plugin v27.4 - https:\/\/yoast.com\/product\/yoast-seo-wordpress\/ -->\n<title>Pol\u00edtica de Qualidade e Meio Ambiente - iPresas<\/title>\n<meta name=\"robots\" content=\"noindex, follow\" \/>\n<meta property=\"og:locale\" content=\"pt_PT\" \/>\n<meta property=\"og:type\" content=\"article\" \/>\n<meta property=\"og:title\" content=\"Pol\u00edtica de Qualidade e Meio Ambiente - iPresas\" \/>\n<meta property=\"og:description\" content=\"A Dire\u00e7\u00e3o considera a presente Pol\u00edtica de Qualidade e Meio Ambiente apropriada ao prop\u00f3sito e ao contexto da organiza\u00e7\u00e3o, incluindo a natureza, magnitude e impactos ambientais de suas atividades, o que proporciona um referencial para o estabelecimento e a revis\u00e3o dos objetivos de qualidade e meio ambiente, facilitando um maior controle dos processos inclu\u00eddos dentro [&hellip;]\" \/>\n<meta property=\"og:url\" content=\"https:\/\/www.ipresas.com\/pt\/politica-de-qualidade-e-meio-ambiente\/\" \/>\n<meta property=\"og:site_name\" content=\"iPresas\" \/>\n<meta property=\"article:modified_time\" content=\"2025-07-16T06:45:50+00:00\" \/>\n<meta name=\"twitter:card\" content=\"summary_large_image\" \/>\n<meta name=\"twitter:label1\" content=\"Est. reading time\" \/>\n\t<meta name=\"twitter:data1\" content=\"2 minutes\" \/>\n<script type=\"application\/ld+json\" class=\"yoast-schema-graph\">{\"@context\":\"https:\\\/\\\/schema.org\",\"@graph\":[{\"@type\":\"WebPage\",\"@id\":\"https:\\\/\\\/www.ipresas.com\\\/pt\\\/politica-de-qualidade-e-meio-ambiente\\\/\",\"url\":\"https:\\\/\\\/www.ipresas.com\\\/pt\\\/politica-de-qualidade-e-meio-ambiente\\\/\",\"name\":\"Pol\u00edtica de Qualidade e Meio Ambiente - iPresas\",\"isPartOf\":{\"@id\":\"https:\\\/\\\/www.ipresas.com\\\/#website\"},\"datePublished\":\"2024-01-19T06:32:32+00:00\",\"dateModified\":\"2025-07-16T06:45:50+00:00\",\"breadcrumb\":{\"@id\":\"https:\\\/\\\/www.ipresas.com\\\/pt\\\/politica-de-qualidade-e-meio-ambiente\\\/#breadcrumb\"},\"inLanguage\":\"pt-GL\",\"potentialAction\":[{\"@type\":\"ReadAction\",\"target\":[\"https:\\\/\\\/www.ipresas.com\\\/pt\\\/politica-de-qualidade-e-meio-ambiente\\\/\"]}]},{\"@type\":\"BreadcrumbList\",\"@id\":\"https:\\\/\\\/www.ipresas.com\\\/pt\\\/politica-de-qualidade-e-meio-ambiente\\\/#breadcrumb\",\"itemListElement\":[{\"@type\":\"ListItem\",\"position\":1,\"name\":\"Portada\",\"item\":\"https:\\\/\\\/www.ipresas.com\\\/pt\\\/\"},{\"@type\":\"ListItem\",\"position\":2,\"name\":\"Pol\u00edtica de Qualidade e Meio Ambiente\"}]},{\"@type\":\"WebSite\",\"@id\":\"https:\\\/\\\/www.ipresas.com\\\/#website\",\"url\":\"https:\\\/\\\/www.ipresas.com\\\/\",\"name\":\"iPresas\",\"description\":\"An\u00e1lisis de Riesgos en seguridad de presas\",\"publisher\":{\"@id\":\"https:\\\/\\\/www.ipresas.com\\\/#organization\"},\"potentialAction\":[{\"@type\":\"SearchAction\",\"target\":{\"@type\":\"EntryPoint\",\"urlTemplate\":\"https:\\\/\\\/www.ipresas.com\\\/?s={search_term_string}\"},\"query-input\":{\"@type\":\"PropertyValueSpecification\",\"valueRequired\":true,\"valueName\":\"search_term_string\"}}],\"inLanguage\":\"pt-GL\"},{\"@type\":\"Organization\",\"@id\":\"https:\\\/\\\/www.ipresas.com\\\/#organization\",\"name\":\"iPresas\",\"url\":\"https:\\\/\\\/www.ipresas.com\\\/\",\"logo\":{\"@type\":\"ImageObject\",\"inLanguage\":\"pt-GL\",\"@id\":\"https:\\\/\\\/www.ipresas.com\\\/#\\\/schema\\\/logo\\\/image\\\/\",\"url\":\"https:\\\/\\\/www.ipresas.com\\\/wp-content\\\/uploads\\\/2023\\\/04\\\/cropped-logo.png\",\"contentUrl\":\"https:\\\/\\\/www.ipresas.com\\\/wp-content\\\/uploads\\\/2023\\\/04\\\/cropped-logo.png\",\"width\":263,\"height\":129,\"caption\":\"iPresas\"},\"image\":{\"@id\":\"https:\\\/\\\/www.ipresas.com\\\/#\\\/schema\\\/logo\\\/image\\\/\"}}]}<\/script>\n<!-- \/ Yoast SEO plugin. -->","yoast_head_json":{"title":"Pol\u00edtica de Qualidade e Meio Ambiente - iPresas","robots":{"index":"noindex","follow":"follow"},"og_locale":"pt_PT","og_type":"article","og_title":"Pol\u00edtica de Qualidade e Meio Ambiente - iPresas","og_description":"A Dire\u00e7\u00e3o considera a presente Pol\u00edtica de Qualidade e Meio Ambiente apropriada ao prop\u00f3sito e ao contexto da organiza\u00e7\u00e3o, incluindo a natureza, magnitude e impactos ambientais de suas atividades, o que proporciona um referencial para o estabelecimento e a revis\u00e3o dos objetivos de qualidade e meio ambiente, facilitando um maior controle dos processos inclu\u00eddos dentro [&hellip;]","og_url":"https:\/\/www.ipresas.com\/pt\/politica-de-qualidade-e-meio-ambiente\/","og_site_name":"iPresas","article_modified_time":"2025-07-16T06:45:50+00:00","twitter_card":"summary_large_image","twitter_misc":{"Est. reading time":"2 minutes"},"schema":{"@context":"https:\/\/schema.org","@graph":[{"@type":"WebPage","@id":"https:\/\/www.ipresas.com\/pt\/politica-de-qualidade-e-meio-ambiente\/","url":"https:\/\/www.ipresas.com\/pt\/politica-de-qualidade-e-meio-ambiente\/","name":"Pol\u00edtica de Qualidade e Meio Ambiente - iPresas","isPartOf":{"@id":"https:\/\/www.ipresas.com\/#website"},"datePublished":"2024-01-19T06:32:32+00:00","dateModified":"2025-07-16T06:45:50+00:00","breadcrumb":{"@id":"https:\/\/www.ipresas.com\/pt\/politica-de-qualidade-e-meio-ambiente\/#breadcrumb"},"inLanguage":"pt-GL","potentialAction":[{"@type":"ReadAction","target":["https:\/\/www.ipresas.com\/pt\/politica-de-qualidade-e-meio-ambiente\/"]}]},{"@type":"BreadcrumbList","@id":"https:\/\/www.ipresas.com\/pt\/politica-de-qualidade-e-meio-ambiente\/#breadcrumb","itemListElement":[{"@type":"ListItem","position":1,"name":"Portada","item":"https:\/\/www.ipresas.com\/pt\/"},{"@type":"ListItem","position":2,"name":"Pol\u00edtica de Qualidade e Meio Ambiente"}]},{"@type":"WebSite","@id":"https:\/\/www.ipresas.com\/#website","url":"https:\/\/www.ipresas.com\/","name":"iPresas","description":"An\u00e1lisis de Riesgos en seguridad de presas","publisher":{"@id":"https:\/\/www.ipresas.com\/#organization"},"potentialAction":[{"@type":"SearchAction","target":{"@type":"EntryPoint","urlTemplate":"https:\/\/www.ipresas.com\/?s={search_term_string}"},"query-input":{"@type":"PropertyValueSpecification","valueRequired":true,"valueName":"search_term_string"}}],"inLanguage":"pt-GL"},{"@type":"Organization","@id":"https:\/\/www.ipresas.com\/#organization","name":"iPresas","url":"https:\/\/www.ipresas.com\/","logo":{"@type":"ImageObject","inLanguage":"pt-GL","@id":"https:\/\/www.ipresas.com\/#\/schema\/logo\/image\/","url":"https:\/\/www.ipresas.com\/wp-content\/uploads\/2023\/04\/cropped-logo.png","contentUrl":"https:\/\/www.ipresas.com\/wp-content\/uploads\/2023\/04\/cropped-logo.png","width":263,"height":129,"caption":"iPresas"},"image":{"@id":"https:\/\/www.ipresas.com\/#\/schema\/logo\/image\/"}}]}},"_links":{"self":[{"href":"https:\/\/www.ipresas.com\/pt\/wp-json\/wp\/v2\/pages\/24813","targetHints":{"allow":["GET"]}}],"collection":[{"href":"https:\/\/www.ipresas.com\/pt\/wp-json\/wp\/v2\/pages"}],"about":[{"href":"https:\/\/www.ipresas.com\/pt\/wp-json\/wp\/v2\/types\/page"}],"author":[{"embeddable":true,"href":"https:\/\/www.ipresas.com\/pt\/wp-json\/wp\/v2\/users\/3"}],"replies":[{"embeddable":true,"href":"https:\/\/www.ipresas.com\/pt\/wp-json\/wp\/v2\/comments?post=24813"}],"version-history":[{"count":4,"href":"https:\/\/www.ipresas.com\/pt\/wp-json\/wp\/v2\/pages\/24813\/revisions"}],"predecessor-version":[{"id":24817,"href":"https:\/\/www.ipresas.com\/pt\/wp-json\/wp\/v2\/pages\/24813\/revisions\/24817"}],"wp:attachment":[{"href":"https:\/\/www.ipresas.com\/pt\/wp-json\/wp\/v2\/media?parent=24813"}],"curies":[{"name":"wp","href":"https:\/\/api.w.org\/{rel}","templated":true}]}}