{"id":18852,"date":"2024-01-19T07:32:16","date_gmt":"2024-01-19T06:32:16","guid":{"rendered":"http:\/\/46.51.165.94\/aviso-legal\/"},"modified":"2025-07-16T09:05:23","modified_gmt":"2025-07-16T07:05:23","slug":"legal-notice","status":"publish","type":"page","link":"https:\/\/www.ipresas.com\/en\/legal-notice\/","title":{"rendered":"Legal notice"},"content":{"rendered":"\t\t<div data-elementor-type=\"wp-page\" data-elementor-id=\"18852\" class=\"elementor elementor-18852 elementor-15448\" data-elementor-post-type=\"page\">\n\t\t\t\t\t\t<section class=\"elementor-section elementor-top-section elementor-element elementor-element-da1135e elementor-section-full_width elementor-section-height-default elementor-section-height-default\" data-id=\"da1135e\" data-element_type=\"section\" data-e-type=\"section\" data-settings=\"{&quot;background_background&quot;:&quot;classic&quot;}\">\n\t\t\t\t\t\t<div class=\"elementor-container elementor-column-gap-default\">\n\t\t\t\t\t<div class=\"elementor-column elementor-col-100 elementor-top-column elementor-element elementor-element-15a3efc\" data-id=\"15a3efc\" data-element_type=\"column\" data-e-type=\"column\">\n\t\t\t<div class=\"elementor-widget-wrap elementor-element-populated\">\n\t\t\t\t\t\t<div class=\"elementor-element elementor-element-cd7d000 elementor-widget elementor-widget-heading\" data-id=\"cd7d000\" data-element_type=\"widget\" data-e-type=\"widget\" data-widget_type=\"heading.default\">\n\t\t\t\t\t<h1 class=\"elementor-heading-title elementor-size-default\">Legal notice<\/h1>\t\t\t\t<\/div>\n\t\t\t\t\t<\/div>\n\t\t<\/div>\n\t\t\t\t\t<\/div>\n\t\t<\/section>\n\t\t\t\t<section class=\"elementor-section elementor-top-section elementor-element elementor-element-a9eca90 elementor-section-full_width elementor-section-height-default elementor-section-height-default\" data-id=\"a9eca90\" data-element_type=\"section\" data-e-type=\"section\" id=\"gdpr\">\n\t\t\t\t\t\t<div class=\"elementor-container elementor-column-gap-default\">\n\t\t\t\t\t<div class=\"elementor-column elementor-col-100 elementor-top-column elementor-element elementor-element-16e0c5a\" data-id=\"16e0c5a\" data-element_type=\"column\" data-e-type=\"column\">\n\t\t\t<div class=\"elementor-widget-wrap elementor-element-populated\">\n\t\t\t\t\t\t<div class=\"elementor-element elementor-element-fb46c88 elementor-widget elementor-widget-text-editor\" data-id=\"fb46c88\" data-element_type=\"widget\" data-e-type=\"widget\" data-widget_type=\"text-editor.default\">\n\t\t\t\t\t\t\t\t\t<h5><strong>CONTENTS AND INTELECTUAL PROPERTY RIGHTS<\/strong><\/h5><p>Ingenier\u00eda de Presas, S.L. will not take responsibility for the misuse of this website, being total responsibility of the end user. It will neither take responsibility for the information contained in other websites which might be linked from this website. The intelectual property of all the content, code and design belongs exclusively to Ingenier\u00eda de Presas, S.L. as well as their exploitation rights. You may notredistribute, republish, sell, rent, reproduce, duplicate, copy, edit or otherwise exploit material on our website without our explicit authorization. Similarly, all trademarks and contents in this website are protected by law.<\/p><h5>\u00a0<\/h5><h5><strong>INFORMATION HANDLING<\/strong><\/h5><p>According to current law (Ley Org\u00e1nica de Protecci\u00f3n de Datos de Car\u00e1cter Personal), Ingenier\u00eda de Presas, S.L. informs its users and clients that all personal data facilitated to Ingenier\u00eda de Presas, S.L. will be included in an automated file, created and maintained under the responsibility of Ingenier\u00eda de Presas, S.L.. The goal of this file is to ease information processing and to send future commercial offers which might interest our clients. Ingenier\u00eda de Presas, S.L. warranties the security and confidentiality of the data. Ingenier\u00eda de Presas, S.L. is committed to fulfilling its obligation of confidentiality of personal data and its duty to protect them and take all necessary measures to prevent alteration, loss, or unauthorized use. Therefore, all information about our customers will not be given to third parties.<\/p><h5>\u00a0<\/h5><h5><strong>APPLICABLE LAW AND JURISDICTION<\/strong><\/h5><p>In general, the relationships with our customers, arising from the provision of services contained in www.ipresas.com are subject to Spanish legislation and jurisdiction. Any legal issues which may arise shall be decided in the courts. Users of this site are aware of all the above and accept it voluntarily. If you have any comments or suggestions, please contact us by email.<\/p>\t\t\t\t\t\t\t\t<\/div>\n\t\t\t\t\t<\/div>\n\t\t<\/div>\n\t\t\t\t\t<\/div>\n\t\t<\/section>\n\t\t\t\t<\/div>\n\t\t","protected":false},"excerpt":{"rendered":"<p>CONTENTS AND INTELECTUAL PROPERTY RIGHTS Ingenier\u00eda de Presas, S.L. will not take responsibility for the misuse of this website, being total responsibility of the end user. It will neither take responsibility for the information contained in other websites which might be linked from this website. The intelectual property of all the content, code and design [&hellip;]<\/p>\n","protected":false},"author":3,"featured_media":0,"parent":0,"menu_order":0,"comment_status":"closed","ping_status":"closed","template":"elementor_header_footer","meta":{"footnotes":""},"class_list":["post-18852","page","type-page","status-publish","hentry"],"yoast_head":"<!-- This site is optimized with the Yoast SEO plugin v27.4 - https:\/\/yoast.com\/product\/yoast-seo-wordpress\/ -->\n<title>Legal notice - iPresas<\/title>\n<meta name=\"robots\" content=\"noindex, follow\" \/>\n<meta property=\"og:locale\" content=\"en_US\" \/>\n<meta property=\"og:type\" content=\"article\" \/>\n<meta property=\"og:title\" content=\"Legal notice - iPresas\" \/>\n<meta property=\"og:description\" content=\"CONTENTS AND INTELECTUAL PROPERTY RIGHTS Ingenier\u00eda de Presas, S.L. will not take responsibility for the misuse of this website, being total responsibility of the end user. It will neither take responsibility for the information contained in other websites which might be linked from this website. The intelectual property of all the content, code and design [&hellip;]\" \/>\n<meta property=\"og:url\" content=\"https:\/\/www.ipresas.com\/en\/legal-notice\/\" \/>\n<meta property=\"og:site_name\" content=\"iPresas\" \/>\n<meta property=\"article:modified_time\" content=\"2025-07-16T07:05:23+00:00\" \/>\n<meta name=\"twitter:card\" content=\"summary_large_image\" \/>\n<meta name=\"twitter:label1\" content=\"Est. reading time\" \/>\n\t<meta name=\"twitter:data1\" content=\"2 minutes\" \/>\n<script type=\"application\/ld+json\" class=\"yoast-schema-graph\">{\"@context\":\"https:\\\/\\\/schema.org\",\"@graph\":[{\"@type\":\"WebPage\",\"@id\":\"https:\\\/\\\/www.ipresas.com\\\/en\\\/legal-notice\\\/\",\"url\":\"https:\\\/\\\/www.ipresas.com\\\/en\\\/legal-notice\\\/\",\"name\":\"Legal notice - iPresas\",\"isPartOf\":{\"@id\":\"https:\\\/\\\/www.ipresas.com\\\/#website\"},\"datePublished\":\"2024-01-19T06:32:16+00:00\",\"dateModified\":\"2025-07-16T07:05:23+00:00\",\"breadcrumb\":{\"@id\":\"https:\\\/\\\/www.ipresas.com\\\/en\\\/legal-notice\\\/#breadcrumb\"},\"inLanguage\":\"en-US\",\"potentialAction\":[{\"@type\":\"ReadAction\",\"target\":[\"https:\\\/\\\/www.ipresas.com\\\/en\\\/legal-notice\\\/\"]}]},{\"@type\":\"BreadcrumbList\",\"@id\":\"https:\\\/\\\/www.ipresas.com\\\/en\\\/legal-notice\\\/#breadcrumb\",\"itemListElement\":[{\"@type\":\"ListItem\",\"position\":1,\"name\":\"Portada\",\"item\":\"https:\\\/\\\/www.ipresas.com\\\/en\\\/\"},{\"@type\":\"ListItem\",\"position\":2,\"name\":\"Legal notice\"}]},{\"@type\":\"WebSite\",\"@id\":\"https:\\\/\\\/www.ipresas.com\\\/#website\",\"url\":\"https:\\\/\\\/www.ipresas.com\\\/\",\"name\":\"iPresas\",\"description\":\"An\u00e1lisis de Riesgos en seguridad de presas\",\"publisher\":{\"@id\":\"https:\\\/\\\/www.ipresas.com\\\/#organization\"},\"potentialAction\":[{\"@type\":\"SearchAction\",\"target\":{\"@type\":\"EntryPoint\",\"urlTemplate\":\"https:\\\/\\\/www.ipresas.com\\\/?s={search_term_string}\"},\"query-input\":{\"@type\":\"PropertyValueSpecification\",\"valueRequired\":true,\"valueName\":\"search_term_string\"}}],\"inLanguage\":\"en-US\"},{\"@type\":\"Organization\",\"@id\":\"https:\\\/\\\/www.ipresas.com\\\/#organization\",\"name\":\"iPresas\",\"url\":\"https:\\\/\\\/www.ipresas.com\\\/\",\"logo\":{\"@type\":\"ImageObject\",\"inLanguage\":\"en-US\",\"@id\":\"https:\\\/\\\/www.ipresas.com\\\/#\\\/schema\\\/logo\\\/image\\\/\",\"url\":\"https:\\\/\\\/www.ipresas.com\\\/wp-content\\\/uploads\\\/2023\\\/04\\\/cropped-logo.png\",\"contentUrl\":\"https:\\\/\\\/www.ipresas.com\\\/wp-content\\\/uploads\\\/2023\\\/04\\\/cropped-logo.png\",\"width\":263,\"height\":129,\"caption\":\"iPresas\"},\"image\":{\"@id\":\"https:\\\/\\\/www.ipresas.com\\\/#\\\/schema\\\/logo\\\/image\\\/\"}}]}<\/script>\n<!-- \/ Yoast SEO plugin. -->","yoast_head_json":{"title":"Legal notice - iPresas","robots":{"index":"noindex","follow":"follow"},"og_locale":"en_US","og_type":"article","og_title":"Legal notice - iPresas","og_description":"CONTENTS AND INTELECTUAL PROPERTY RIGHTS Ingenier\u00eda de Presas, S.L. will not take responsibility for the misuse of this website, being total responsibility of the end user. It will neither take responsibility for the information contained in other websites which might be linked from this website. The intelectual property of all the content, code and design [&hellip;]","og_url":"https:\/\/www.ipresas.com\/en\/legal-notice\/","og_site_name":"iPresas","article_modified_time":"2025-07-16T07:05:23+00:00","twitter_card":"summary_large_image","twitter_misc":{"Est. reading time":"2 minutes"},"schema":{"@context":"https:\/\/schema.org","@graph":[{"@type":"WebPage","@id":"https:\/\/www.ipresas.com\/en\/legal-notice\/","url":"https:\/\/www.ipresas.com\/en\/legal-notice\/","name":"Legal notice - iPresas","isPartOf":{"@id":"https:\/\/www.ipresas.com\/#website"},"datePublished":"2024-01-19T06:32:16+00:00","dateModified":"2025-07-16T07:05:23+00:00","breadcrumb":{"@id":"https:\/\/www.ipresas.com\/en\/legal-notice\/#breadcrumb"},"inLanguage":"en-US","potentialAction":[{"@type":"ReadAction","target":["https:\/\/www.ipresas.com\/en\/legal-notice\/"]}]},{"@type":"BreadcrumbList","@id":"https:\/\/www.ipresas.com\/en\/legal-notice\/#breadcrumb","itemListElement":[{"@type":"ListItem","position":1,"name":"Portada","item":"https:\/\/www.ipresas.com\/en\/"},{"@type":"ListItem","position":2,"name":"Legal notice"}]},{"@type":"WebSite","@id":"https:\/\/www.ipresas.com\/#website","url":"https:\/\/www.ipresas.com\/","name":"iPresas","description":"An\u00e1lisis de Riesgos en seguridad de presas","publisher":{"@id":"https:\/\/www.ipresas.com\/#organization"},"potentialAction":[{"@type":"SearchAction","target":{"@type":"EntryPoint","urlTemplate":"https:\/\/www.ipresas.com\/?s={search_term_string}"},"query-input":{"@type":"PropertyValueSpecification","valueRequired":true,"valueName":"search_term_string"}}],"inLanguage":"en-US"},{"@type":"Organization","@id":"https:\/\/www.ipresas.com\/#organization","name":"iPresas","url":"https:\/\/www.ipresas.com\/","logo":{"@type":"ImageObject","inLanguage":"en-US","@id":"https:\/\/www.ipresas.com\/#\/schema\/logo\/image\/","url":"https:\/\/www.ipresas.com\/wp-content\/uploads\/2023\/04\/cropped-logo.png","contentUrl":"https:\/\/www.ipresas.com\/wp-content\/uploads\/2023\/04\/cropped-logo.png","width":263,"height":129,"caption":"iPresas"},"image":{"@id":"https:\/\/www.ipresas.com\/#\/schema\/logo\/image\/"}}]}},"_links":{"self":[{"href":"https:\/\/www.ipresas.com\/en\/wp-json\/wp\/v2\/pages\/18852","targetHints":{"allow":["GET"]}}],"collection":[{"href":"https:\/\/www.ipresas.com\/en\/wp-json\/wp\/v2\/pages"}],"about":[{"href":"https:\/\/www.ipresas.com\/en\/wp-json\/wp\/v2\/types\/page"}],"author":[{"embeddable":true,"href":"https:\/\/www.ipresas.com\/en\/wp-json\/wp\/v2\/users\/3"}],"replies":[{"embeddable":true,"href":"https:\/\/www.ipresas.com\/en\/wp-json\/wp\/v2\/comments?post=18852"}],"version-history":[{"count":1,"href":"https:\/\/www.ipresas.com\/en\/wp-json\/wp\/v2\/pages\/18852\/revisions"}],"predecessor-version":[{"id":25205,"href":"https:\/\/www.ipresas.com\/en\/wp-json\/wp\/v2\/pages\/18852\/revisions\/25205"}],"wp:attachment":[{"href":"https:\/\/www.ipresas.com\/en\/wp-json\/wp\/v2\/media?parent=18852"}],"curies":[{"name":"wp","href":"https:\/\/api.w.org\/{rel}","templated":true}]}}